{"id":947,"date":"2025-08-22T07:00:50","date_gmt":"2025-08-22T07:00:50","guid":{"rendered":"https:\/\/blackfort.breiden-bach.com\/imprint\/"},"modified":"2025-08-26T19:13:26","modified_gmt":"2025-08-26T19:13:26","slug":"imprint","status":"publish","type":"page","link":"https:\/\/blackfort-wiereu.mylink365.de\/en\/imprint\/","title":{"rendered":"Imprint"},"content":{"rendered":"<div id='full_slider_1'  class='avia-fullwidth-slider main_color avia-shadow av-medium-hide av-small-hide av-mini-hide  avia-builder-el-0  el_before_av_slideshow_full  avia-builder-el-first   container_wrap sidebar_right'  >\n<style type=\"text\/css\" data-created_by=\"avia_inline_auto\" id=\"style-css-av-hg0pu2-ef7e01bfe43a4ad59ea3518abac8de8e\">\n#top #wrap_all .avia-slideshow .av-slideshow-caption.av-hg0pu2-ef7e01bfe43a4ad59ea3518abac8de8e__0 .avia-caption-title{\nfont-size:70px;\n}\n#top .avia-slideshow .av-slideshow-caption.av-hg0pu2-ef7e01bfe43a4ad59ea3518abac8de8e__0 .avia-caption-content{\nfont-size:36px;\n}\n#top .avia-slideshow .av-slideshow-caption.av-hg0pu2-ef7e01bfe43a4ad59ea3518abac8de8e__0 .avia-caption-content p{\nfont-size:36px;\n}\n<\/style>\n<div  class='avia-slideshow av-hg0pu2-ef7e01bfe43a4ad59ea3518abac8de8e avia-slideshow-no scaling av_slideshow_full avia-fade-slider av-medium-hide av-small-hide av-mini-hide av-slideshow-ui av-control-hidden av-no-slider-navigation av-hide-nav-arrows av-slideshow-autoplay av-loop-endless av-loop-manual-endless av-default-height-applied   avia-slideshow-1' data-slideshow-options=\"{&quot;animation&quot;:&quot;fade&quot;,&quot;autoplay&quot;:true,&quot;loop_autoplay&quot;:&quot;endless&quot;,&quot;interval&quot;:10,&quot;loop_manual&quot;:&quot;manual-endless&quot;,&quot;autoplay_stopper&quot;:false,&quot;noNavigation&quot;:true,&quot;bg_slider&quot;:false,&quot;keep_padding&quot;:false,&quot;hoverpause&quot;:false,&quot;show_slide_delay&quot;:0}\"  itemprop=\"image\" itemscope=\"itemscope\" itemtype=\"https:\/\/schema.org\/ImageObject\" ><ul class='avia-slideshow-inner ' style='padding-bottom: 56.0546875%;'><li  class='avia-slideshow-slide av-hg0pu2-ef7e01bfe43a4ad59ea3518abac8de8e__0  av-single-slide slide-1 slide-odd'><div data-rel='slideshow-1' class='avia-slide-wrap '   ><img decoding=\"async\" fetchpriority=\"high\" class=\"wp-image-920 avia-img-lazy-loading-not-920\"  src=\"https:\/\/blackfort-wiereu.mylink365.de\/wp-content\/uploads\/2025\/08\/IGw8GFL4kTZ0NRa1bZnRAE9pGr0.jpg\" width=\"512\" height=\"287\" title='IGw8GFL4kTZ0NRa1bZnRAE9pGr0' alt=''  itemprop=\"thumbnailUrl\"  style='min-height:500px; min-width:892px; ' srcset=\"https:\/\/blackfort-wiereu.mylink365.de\/wp-content\/uploads\/2025\/08\/IGw8GFL4kTZ0NRa1bZnRAE9pGr0.jpg 512w, https:\/\/blackfort-wiereu.mylink365.de\/wp-content\/uploads\/2025\/08\/IGw8GFL4kTZ0NRa1bZnRAE9pGr0-300x168.jpg 300w\" sizes=\"(max-width: 512px) 100vw, 512px\" \/><div class='av-section-color-overlay' style='opacity: 0.4; background-color: #000000; background-image: url(https:\/\/blackfort-wiereu.mylink365.de\/wp-content\/themes\/enfold\/images\/background-images\/diagonal-thin-light.png); background-repeat: repeat;'><\/div><\/div><\/li><\/ul><div class='av-slideshow-caption av-hg0pu2-ef7e01bfe43a4ad59ea3518abac8de8e__0 caption_fullwidth caption_center'><div class=\"container caption_container\"><div class=\"slideshow_caption\"><div class=\"slideshow_inner_caption\"><div class=\"slideshow_align_caption\"><h2 class='avia-caption-title '  itemprop=\"name\" >All roads lead to Blackfort<\/h2><div class='avia-caption-content '  itemprop=\"description\" ><p>Start your journey to financial freedom!<\/p>\n<\/div><a href='#how'  class='avia-slideshow-button avia-button avia-color-light ' data-duration='800' data-easing='easeInOutQuad'>How? Continue here!<\/a><\/div><\/div><\/div><\/div><\/div><\/div><\/div>\n<div id='full_slider_2'  class='avia-fullwidth-slider main_color avia-shadow av-desktop-hide  avia-builder-el-1  el_after_av_slideshow_full  el_before_av_section   slider-not-first container_wrap sidebar_right'  >\n<style type=\"text\/css\" data-created_by=\"avia_inline_auto\" id=\"style-css-av-meljwh3l-c9b8be781f0ec4cbc2623828a0912152\">\n#top #wrap_all .avia-slideshow .av-slideshow-caption.av-meljwh3l-c9b8be781f0ec4cbc2623828a0912152__0 .avia-caption-title{\nfont-size:30px;\n}\n<\/style>\n<div  class='avia-slideshow av-meljwh3l-c9b8be781f0ec4cbc2623828a0912152 avia-slideshow-no scaling av_slideshow_full avia-fade-slider av-desktop-hide av-slideshow-ui av-control-hidden av-no-slider-navigation av-hide-nav-arrows av-slideshow-autoplay av-loop-endless av-loop-manual-endless av-default-height-applied   avia-slideshow-2' data-slideshow-options=\"{&quot;animation&quot;:&quot;fade&quot;,&quot;autoplay&quot;:true,&quot;loop_autoplay&quot;:&quot;endless&quot;,&quot;interval&quot;:10,&quot;loop_manual&quot;:&quot;manual-endless&quot;,&quot;autoplay_stopper&quot;:false,&quot;noNavigation&quot;:true,&quot;bg_slider&quot;:false,&quot;keep_padding&quot;:false,&quot;hoverpause&quot;:false,&quot;show_slide_delay&quot;:0}\"  itemprop=\"image\" itemscope=\"itemscope\" itemtype=\"https:\/\/schema.org\/ImageObject\" ><ul class='avia-slideshow-inner ' style='padding-bottom: 56.0546875%;'><li  class='avia-slideshow-slide av-meljwh3l-c9b8be781f0ec4cbc2623828a0912152__0  av-single-slide slide-1 slide-odd'><div data-rel='slideshow-2' class='avia-slide-wrap '   ><img decoding=\"async\" fetchpriority=\"high\" class=\"wp-image-920 avia-img-lazy-loading-not-920\"  src=\"https:\/\/blackfort-wiereu.mylink365.de\/wp-content\/uploads\/2025\/08\/IGw8GFL4kTZ0NRa1bZnRAE9pGr0.jpg\" width=\"512\" height=\"287\" title='IGw8GFL4kTZ0NRa1bZnRAE9pGr0' alt=''  itemprop=\"thumbnailUrl\"  style='min-height:500px; min-width:892px; ' srcset=\"https:\/\/blackfort-wiereu.mylink365.de\/wp-content\/uploads\/2025\/08\/IGw8GFL4kTZ0NRa1bZnRAE9pGr0.jpg 512w, https:\/\/blackfort-wiereu.mylink365.de\/wp-content\/uploads\/2025\/08\/IGw8GFL4kTZ0NRa1bZnRAE9pGr0-300x168.jpg 300w\" sizes=\"(max-width: 512px) 100vw, 512px\" \/><div class='av-section-color-overlay' style='opacity: 0.4; background-color: #000000; background-image: url(https:\/\/blackfort-wiereu.mylink365.de\/wp-content\/themes\/enfold\/images\/background-images\/diagonal-thin-light.png); background-repeat: repeat;'><\/div><\/div><\/li><\/ul><div class='av-slideshow-caption av-meljwh3l-c9b8be781f0ec4cbc2623828a0912152__0 caption_fullwidth caption_center'><div class=\"container caption_container\"><div class=\"slideshow_caption\"><div class=\"slideshow_inner_caption\"><div class=\"slideshow_align_caption\"><h2 class='avia-caption-title '  itemprop=\"name\" >All roads lead to Blackfort<\/h2><div class='avia-caption-content '  itemprop=\"description\" ><p>Start your journey to financial freedom!<\/p>\n<\/div><a href='#how'  class='avia-slideshow-button avia-button avia-color-light ' data-duration='800' data-easing='easeInOutQuad'>How? Continue here!<\/a><\/div><\/div><\/div><\/div><\/div><\/div><\/div>\n\n<style type=\"text\/css\" data-created_by=\"avia_inline_auto\" id=\"style-css-av-cdv0oa-8c21c3cc47ac26979a151b02ea7f283a\">\n.avia-section.av-cdv0oa-8c21c3cc47ac26979a151b02ea7f283a{\nbackground-repeat:no-repeat;\nbackground-image:url(https:\/\/blackfort-wiereu.mylink365.de\/wp-content\/uploads\/2016\/02\/banner-dj-wide.jpg);\nbackground-position:50% 50%;\nbackground-attachment:fixed;\n}\n.avia-section.av-cdv0oa-8c21c3cc47ac26979a151b02ea7f283a .av-section-color-overlay{\nopacity:0.5;\nbackground-color:#000000;\nbackground-image:url(https:\/\/blackfort-wiereu.mylink365.de\/wp-content\/themes\/enfold\/images\/background-images\/diagonal-thin-light.png);\nbackground-repeat:repeat;\n}\n<\/style>\n<div id='how'  class='avia-section av-cdv0oa-8c21c3cc47ac26979a151b02ea7f283a alternate_color avia-section-huge avia-no-border-styling  avia-builder-el-2  el_after_av_slideshow_full  el_before_av_section  avia-full-stretch avia-bg-style-fixed av-section-color-overlay-active container_wrap sidebar_right'  data-section-bg-repeat='stretch'><div class=\"av-section-color-overlay-wrap\"><div class=\"av-section-color-overlay\"><\/div><div class='container av-section-cont-open' ><div class='template-page content  av-content-small alpha units'><div class='post-entry post-entry-type-page post-entry-947'><div class='entry-content-wrapper clearfix'>\n\n<style type=\"text\/css\" data-created_by=\"avia_inline_auto\" id=\"style-css-av-c81p6i-37716b9e6e766673cd5fddcbe9e1a935\">\n#top .av-special-heading.av-c81p6i-37716b9e6e766673cd5fddcbe9e1a935{\npadding-bottom:60px;\nfont-size:50px;\n}\nbody .av-special-heading.av-c81p6i-37716b9e6e766673cd5fddcbe9e1a935 .av-special-heading-tag .heading-char{\nfont-size:25px;\n}\n#top #wrap_all .av-special-heading.av-c81p6i-37716b9e6e766673cd5fddcbe9e1a935 .av-special-heading-tag{\nfont-size:50px;\n}\n.av-special-heading.av-c81p6i-37716b9e6e766673cd5fddcbe9e1a935 .av-subheading{\nfont-size:15px;\n}\n\n@media only screen and (min-width: 480px) and (max-width: 767px){ \n#top #wrap_all .av-special-heading.av-c81p6i-37716b9e6e766673cd5fddcbe9e1a935 .av-special-heading-tag{\nfont-size:0.8em;\n}\n}\n\n@media only screen and (max-width: 479px){ \n#top #wrap_all .av-special-heading.av-c81p6i-37716b9e6e766673cd5fddcbe9e1a935 .av-special-heading-tag{\nfont-size:0.8em;\n}\n}\n<\/style>\n<div  class='av-special-heading av-c81p6i-37716b9e6e766673cd5fddcbe9e1a935 av-special-heading-h1 blockquote modern-quote modern-centered  avia-builder-el-3  el_before_av_one_fifth  avia-builder-el-first  av-inherit-size'><h1 class='av-special-heading-tag '  itemprop=\"headline\"  ><mark>Imprint<\/mark><\/h1><div class=\"special-heading-border\"><div class=\"special-heading-inner-border\"><\/div><\/div><\/div>\n\n<style type=\"text\/css\" data-created_by=\"avia_inline_auto\" id=\"style-css-av-c23ate-9b543231f179e91018b1b74b708924d5\">\n.flex_column.av-c23ate-9b543231f179e91018b1b74b708924d5{\nborder-radius:0px 0px 0px 0px;\npadding:0px 10px 0px 0px;\n}\n<\/style>\n<div  class='flex_column av-c23ate-9b543231f179e91018b1b74b708924d5 av_one_fifth  avia-builder-el-4  el_after_av_heading  el_before_av_three_fifth  first no_margin flex_column_div av-animated-generic bottom-to-top  '     ><style type=\"text\/css\" data-created_by=\"avia_inline_auto\" id=\"style-css-av-bsrfrm-641fdab2e4cc237f5826d3854e486f27\">\n.avia-image-container.av-bsrfrm-641fdab2e4cc237f5826d3854e486f27 img.avia_image{\nbox-shadow:none;\n}\n.avia-image-container.av-bsrfrm-641fdab2e4cc237f5826d3854e486f27 .av-image-caption-overlay-center{\ncolor:#ffffff;\n}\n<\/style>\n<div  class='avia-image-container av-bsrfrm-641fdab2e4cc237f5826d3854e486f27 av-styling-circle avia-align-center  avia-builder-el-5  avia-builder-el-no-sibling '   itemprop=\"image\" itemscope=\"itemscope\" itemtype=\"https:\/\/schema.org\/ImageObject\" ><div class=\"avia-image-container-inner\"><div class=\"avia-image-overlay-wrap\"><img decoding=\"async\" fetchpriority=\"high\" class='wp-image-921 avia-img-lazy-loading-not-921 avia_image ' src=\"https:\/\/blackfort-wiereu.mylink365.de\/wp-content\/uploads\/2025\/08\/5H3k8KcAAe1lEy4vWF8wLfc6f3E.png\" alt='' title='5H3k8KcAAe1lEy4vWF8wLfc6f3E'  height=\"1024\" width=\"1024\"  itemprop=\"thumbnailUrl\" srcset=\"https:\/\/blackfort-wiereu.mylink365.de\/wp-content\/uploads\/2025\/08\/5H3k8KcAAe1lEy4vWF8wLfc6f3E.png 1024w, https:\/\/blackfort-wiereu.mylink365.de\/wp-content\/uploads\/2025\/08\/5H3k8KcAAe1lEy4vWF8wLfc6f3E-300x300.png 300w, https:\/\/blackfort-wiereu.mylink365.de\/wp-content\/uploads\/2025\/08\/5H3k8KcAAe1lEy4vWF8wLfc6f3E-80x80.png 80w, https:\/\/blackfort-wiereu.mylink365.de\/wp-content\/uploads\/2025\/08\/5H3k8KcAAe1lEy4vWF8wLfc6f3E-768x768.png 768w, https:\/\/blackfort-wiereu.mylink365.de\/wp-content\/uploads\/2025\/08\/5H3k8KcAAe1lEy4vWF8wLfc6f3E-36x36.png 36w, https:\/\/blackfort-wiereu.mylink365.de\/wp-content\/uploads\/2025\/08\/5H3k8KcAAe1lEy4vWF8wLfc6f3E-180x180.png 180w, https:\/\/blackfort-wiereu.mylink365.de\/wp-content\/uploads\/2025\/08\/5H3k8KcAAe1lEy4vWF8wLfc6f3E-705x705.png 705w\" sizes=\"(max-width: 1024px) 100vw, 1024px\" \/><\/div><\/div><\/div><\/div>\n<style type=\"text\/css\" data-created_by=\"avia_inline_auto\" id=\"style-css-av-bpir5e-ffa7e7ac7f4b022279dca245a58a77a0\">\n.flex_column.av-bpir5e-ffa7e7ac7f4b022279dca245a58a77a0{\nborder-radius:0px 0px 0px 0px;\npadding:0px 10px 0px 0px;\n}\n<\/style>\n<div  class='flex_column av-bpir5e-ffa7e7ac7f4b022279dca245a58a77a0 av_three_fifth  avia-builder-el-6  el_after_av_one_fifth  el_before_av_one_fifth  no_margin flex_column_div av-animated-generic bottom-to-top  '     ><p><section  class='av_textblock_section av-memhe8r1-164e86180bdd34968e89de02090073f0 '   itemscope=\"itemscope\" itemtype=\"https:\/\/schema.org\/CreativeWork\" ><div class='avia_textblock'  itemprop=\"text\" ><p><strong>Information according to \u00a7 5 TMG:<\/strong><br \/>\nWiebke Reuter<br \/>\nTannenweg 18<br \/>\n53819 Neunkirchen Seelscheid<\/p>\n<p><strong>Contact:<\/strong><\/p>\n<table>\n<tbody>\n<tr>\n<td>Phone:<\/td>\n<td>+4915146454347<\/td>\n<\/tr>\n<tr>\n<td>Fax:<\/td>\n<td>&#8211;<\/td>\n<\/tr>\n<tr>\n<td>E-Mail:<\/td>\n<td>wiebkereuter@yahoo.de<\/td>\n<\/tr>\n<\/tbody>\n<\/table>\n<\/div><\/section><br \/>\n\n<style type=\"text\/css\" data-created_by=\"avia_inline_auto\" id=\"style-css-av-memkaub0-c4dedb6b23306011669deb325894f501\">\n#top .hr.hr-invisible.av-memkaub0-c4dedb6b23306011669deb325894f501{\nheight:50px;\n}\n<\/style>\n<div  class='hr av-memkaub0-c4dedb6b23306011669deb325894f501 hr-invisible  avia-builder-el-8  el_after_av_textblock  el_before_av_textblock '><span class='hr-inner '><span class=\"hr-inner-style\"><\/span><\/span><\/div><br \/>\n<section  class='av_textblock_section av-memk9cff-e583d804aadefb982349b4d450fa386b '   itemscope=\"itemscope\" itemtype=\"https:\/\/schema.org\/CreativeWork\" ><div class='avia_textblock'  itemprop=\"text\" ><p><span style=\"font-size: 20px; font-weight: bold;\"><mark>Haftungsausschluss (Disclaimer)<\/mark><\/span><br \/>\n<strong>Haftung f\u00fcr Inhalte<\/strong><\/p>\n<p>Als Diensteanbieter sind wir gem\u00e4\u00df \u00a7 7 Abs.1 TMG f\u00fcr eigene Inhalte auf diesen Seiten nach den allgemeinen Gesetzen verantwortlich. Nach \u00a7\u00a7 8 bis 10 TMG sind wir als Diensteanbieter jedoch nicht verpflichtet, \u00fcbermittelte oder gespeicherte fremde Informationen zu \u00fcberwachen oder nach Umst\u00e4nden zu forschen, die auf eine rechtswidrige T\u00e4tigkeit hinweisen. Verpflichtungen zur Entfernung oder Sperrung der Nutzung von Informationen nach den allgemeinen Gesetzen bleiben hiervon unber\u00fchrt. Eine diesbez\u00fcgliche Haftung ist jedoch erst ab dem Zeitpunkt der Kenntnis einer konkreten Rechtsverletzung m\u00f6glich. Bei Bekanntwerden von entsprechenden Rechtsverletzungen werden wir diese Inhalte umgehend entfernen.     <\/p>\n<p><strong>Haftung f\u00fcr Links<\/strong><\/p>\n<p>Unser Angebot enth\u00e4lt Links zu externen Webseiten Dritter, auf deren Inhalte wir keinen Einfluss haben. Deshalb k\u00f6nnen wir f\u00fcr diese fremden Inhalte auch keine Gew\u00e4hr \u00fcbernehmen. F\u00fcr die Inhalte der verlinkten Seiten ist stets der jeweilige Anbieter oder Betreiber der Seiten verantwortlich. Die verlinkten Seiten wurden zum Zeitpunkt der Verlinkung auf m\u00f6gliche Rechtsverst\u00f6\u00dfe \u00fcberpr\u00fcft. Rechtswidrige Inhalte waren zum Zeitpunkt der Verlinkung nicht erkennbar. Eine permanente inhaltliche Kontrolle der verlinkten Seiten ist jedoch ohne konkrete Anhaltspunkte einer Rechtsverletzung nicht zumutbar. Bei Bekanntwerden von Rechtsverletzungen werden wir derartige Links umgehend entfernen.      <\/p>\n<p><strong>Urheberrecht<\/strong><\/p>\n<p>Die durch die Seitenbetreiber erstellten Inhalte und Werke auf diesen Seiten unterliegen dem deutschen Urheberrecht. Die Vervielf\u00e4ltigung, Bearbeitung, Verbreitung und jede Art der Verwertung au\u00dferhalb der Grenzen des Urheberrechtes bed\u00fcrfen der schriftlichen Zustimmung des jeweiligen Autors bzw. Erstellers. Downloads und Kopien dieser Seite sind nur f\u00fcr den privaten, nicht kommerziellen Gebrauch gestattet. Soweit die Inhalte auf dieser Seite nicht vom Betreiber erstellt wurden, werden die Urheberrechte Dritter beachtet. Insbesondere werden Inhalte Dritter als solche gekennzeichnet. Sollten Sie trotzdem auf eine Urheberrechtsverletzung aufmerksam werden, bitten wir um einen entsprechenden Hinweis. Bei Bekanntwerden von Rechtsverletzungen werden wir derartige Inhalte umgehend entfernen.      <\/p>\n<p>Quelle: <em><a href=\"http:\/\/www.e-recht24.de\/impressum-generator.html\" rel=\"nofollow\">http:\/\/www.e-recht24.de<\/a><\/em><\/p>\n<\/div><\/section><\/p><\/div>\n<style type=\"text\/css\" data-created_by=\"avia_inline_auto\" id=\"style-css-av-atqof6-ce2b9a6fc3e9006b533ccfdb3ab69bc5\">\n.flex_column.av-atqof6-ce2b9a6fc3e9006b533ccfdb3ab69bc5{\nborder-radius:0px 0px 0px 0px;\npadding:30px 30px 30px 30px;\nbackground-color:rgba(0,0,0,0.5);\n}\n<\/style>\n<div  class='flex_column av-atqof6-ce2b9a6fc3e9006b533ccfdb3ab69bc5 av_one_fifth  avia-builder-el-10  el_after_av_three_fifth  avia-builder-el-last  no_margin flex_column_div av-animated-generic bottom-to-top  '     ><style type=\"text\/css\" data-created_by=\"avia_inline_auto\" id=\"style-css-av-melgqcs6-e7efae80627ab7d923689045deef2b02\">\n.avia-image-container.av-melgqcs6-e7efae80627ab7d923689045deef2b02 img.avia_image{\nbox-shadow:none;\n}\n.avia-image-container.av-melgqcs6-e7efae80627ab7d923689045deef2b02 .av-image-caption-overlay-center{\ncolor:#ffffff;\n}\n<\/style>\n<div  class='avia-image-container av-melgqcs6-e7efae80627ab7d923689045deef2b02 av-styling-circle avia-align-center  avia-builder-el-11  avia-builder-el-no-sibling '   itemprop=\"image\" itemscope=\"itemscope\" itemtype=\"https:\/\/schema.org\/ImageObject\" ><div class=\"avia-image-container-inner\"><div class=\"avia-image-overlay-wrap\"><img decoding=\"async\" fetchpriority=\"high\" class='wp-image-922 avia-img-lazy-loading-not-922 avia_image ' src=\"https:\/\/blackfort-wiereu.mylink365.de\/wp-content\/uploads\/2025\/08\/Bz0IcOvv0VFCcGPTtFFi8zNnYo.png\" alt='' title='Bz0IcOvv0VFCcGPTtFFi8zNnYo'  height=\"688\" width=\"1024\"  itemprop=\"thumbnailUrl\" srcset=\"https:\/\/blackfort-wiereu.mylink365.de\/wp-content\/uploads\/2025\/08\/Bz0IcOvv0VFCcGPTtFFi8zNnYo.png 1024w, https:\/\/blackfort-wiereu.mylink365.de\/wp-content\/uploads\/2025\/08\/Bz0IcOvv0VFCcGPTtFFi8zNnYo-300x202.png 300w, https:\/\/blackfort-wiereu.mylink365.de\/wp-content\/uploads\/2025\/08\/Bz0IcOvv0VFCcGPTtFFi8zNnYo-768x516.png 768w, https:\/\/blackfort-wiereu.mylink365.de\/wp-content\/uploads\/2025\/08\/Bz0IcOvv0VFCcGPTtFFi8zNnYo-705x474.png 705w\" sizes=\"(max-width: 1024px) 100vw, 1024px\" \/><\/div><\/div><\/div><\/div>\n\n<\/div><\/div><\/div><!-- close content main div --><\/div><\/div><\/div>\n<style type=\"text\/css\" data-created_by=\"avia_inline_auto\" id=\"style-css-av-1cy3fu-46054afbbf485e87694f05f5ee5cf1c9\">\n.avia-section.av-1cy3fu-46054afbbf485e87694f05f5ee5cf1c9{\nbackground-repeat:no-repeat;\nbackground-image:url(https:\/\/blackfort-wiereu.mylink365.de\/wp-content\/uploads\/2025\/08\/mt-sample-background.jpg);\nbackground-position:0% 0%;\nbackground-attachment:scroll;\n}\n.avia-section.av-1cy3fu-46054afbbf485e87694f05f5ee5cf1c9 .av-section-color-overlay{\nopacity:0.3;\nbackground-color:#000000;\nbackground-image:url(https:\/\/blackfort-wiereu.mylink365.de\/wp-content\/themes\/enfold\/images\/background-images\/diagonal-thin-light.png);\nbackground-repeat:repeat;\n}\n<\/style>\n<div id='newsletter'  class='avia-section av-1cy3fu-46054afbbf485e87694f05f5ee5cf1c9 main_color avia-section-large avia-no-border-styling  avia-builder-el-12  el_after_av_section  avia-builder-el-last  avia-full-stretch avia-bg-style-scroll av-section-color-overlay-active container_wrap sidebar_right'  data-section-bg-repeat='stretch'><div class=\"av-section-color-overlay-wrap\"><div class=\"av-section-color-overlay\"><\/div><div class='container av-section-cont-open' ><div class='template-page content  av-content-small alpha units'><div class='post-entry post-entry-type-page post-entry-947'><div class='entry-content-wrapper clearfix'>\n\n<style type=\"text\/css\" data-created_by=\"avia_inline_auto\" id=\"style-css-av-4k8ai-357dcd09b1d29104c02f743f4b952e76\">\n#top .av-special-heading.av-4k8ai-357dcd09b1d29104c02f743f4b952e76{\npadding-bottom:40px;\ncolor:#ffffff;\nfont-size:50px;\n}\nbody .av-special-heading.av-4k8ai-357dcd09b1d29104c02f743f4b952e76 .av-special-heading-tag .heading-char{\nfont-size:25px;\n}\n#top #wrap_all .av-special-heading.av-4k8ai-357dcd09b1d29104c02f743f4b952e76 .av-special-heading-tag{\nfont-size:50px;\n}\n.av-special-heading.av-4k8ai-357dcd09b1d29104c02f743f4b952e76 .special-heading-inner-border{\nborder-color:#ffffff;\n}\n.av-special-heading.av-4k8ai-357dcd09b1d29104c02f743f4b952e76 .av-subheading{\nfont-size:15px;\n}\n\n@media only screen and (min-width: 480px) and (max-width: 767px){ \n#top #wrap_all .av-special-heading.av-4k8ai-357dcd09b1d29104c02f743f4b952e76 .av-special-heading-tag{\nfont-size:0.8em;\n}\n}\n\n@media only screen and (max-width: 479px){ \n#top #wrap_all .av-special-heading.av-4k8ai-357dcd09b1d29104c02f743f4b952e76 .av-special-heading-tag{\nfont-size:0.8em;\n}\n}\n<\/style>\n<div  class='av-special-heading av-4k8ai-357dcd09b1d29104c02f743f4b952e76 av-special-heading-h1 custom-color-heading blockquote modern-quote modern-centered  avia-builder-el-13  el_before_av_one_fifth  avia-builder-el-first  av-inherit-size'><h1 class='av-special-heading-tag '  itemprop=\"headline\"  >Sign up for our <mark>Newsletter<\/mark><\/h1><div class=\"special-heading-border\"><div class=\"special-heading-inner-border\"><\/div><\/div><\/div>\n\n<style type=\"text\/css\" data-created_by=\"avia_inline_auto\" id=\"style-css-av-10iddu-9464055364b55d1f9c12de12a783f510\">\n.flex_column.av-10iddu-9464055364b55d1f9c12de12a783f510{\nborder-radius:0px 0px 0px 0px;\npadding:0px 0px 0px 0px;\n}\n<\/style>\n<div  class='flex_column av-10iddu-9464055364b55d1f9c12de12a783f510 av_one_fifth  avia-builder-el-14  el_after_av_heading  el_before_av_three_fifth  first flex_column_div av-zero-column-padding  '     ><\/div>\n<style type=\"text\/css\" data-created_by=\"avia_inline_auto\" id=\"style-css-av-zg5m2-769674c60c070ae2e5f786e37e7869f4\">\n.flex_column.av-zg5m2-769674c60c070ae2e5f786e37e7869f4{\nborder-radius:0px 0px 0px 0px;\npadding:0px 0px 0px 0px;\n}\n<\/style>\n<div  class='flex_column av-zg5m2-769674c60c070ae2e5f786e37e7869f4 av_three_fifth  avia-builder-el-15  el_after_av_one_fifth  el_before_av_one_fifth  flex_column_div av-zero-column-padding  '     ><form action=\"https:\/\/blackfort-wiereu.mylink365.de\/en\/imprint\/\" method=\"post\"  data-av-custom-send='mailchimp_send'data-fields-with-error=\"Found errors in the following field(s):\" class=\"avia_ajax_form av-form-labels-hidden   avia-builder-el-16  avia-builder-el-no-sibling   avia-mailchimp-form \" data-avia-form-id=\"1\" data-avia-redirect='' ><fieldset><p class='  first_form  form_element form_fullwidth' id='element_avia_0_1'><label for=\"avia_0_1\">E-mail: <abbr class=\"required\" title=\"required\">*<\/abbr><\/label> <input name=\"avia_0_1\" class=\"text_input is_email\" type=\"text\" id=\"avia_0_1\" value=\"\"  placeholder='E-mail:*'\/><\/p><p class='  first_form  form_element form_fullwidth' id='element_avia_1_1'><label for=\"avia_1_1\">First name<\/label> <input name=\"avia_1_1\" class=\"text_input \" type=\"text\" id=\"avia_1_1\" value=\"\"  placeholder='First name'\/><\/p><p class='  first_form  form_element form_fullwidth' id='element_avia_2_1'><label for=\"avia_2_1\">Last name<\/label> <input name=\"avia_2_1\" class=\"text_input \" type=\"text\" id=\"avia_2_1\" value=\"\"  placeholder='Last name'\/><\/p><p class=\"form_element  first_form  form_element form_fullwidth av-last-visible-form-element modified_width\"><input type=\"hidden\" value=\"1\" name=\"avia_generated_form1\" \/><input type=\"submit\" value=\"Subscribe\" class=\"button\"  data-sending-label=\"Sending\"\/><\/p><p class=\"hidden\"><input type=\"text\" name=\"avia_avia_username_1\" class=\"hidden \" id=\"avia_avia_username_1\" value=\"\" \/><\/p><\/fieldset><\/form><div id=\"ajaxresponse_1\" class=\"ajaxresponse ajaxresponse_1 hidden\"><\/div><\/div>\n<style type=\"text\/css\" data-created_by=\"avia_inline_auto\" id=\"style-css-av-9oxze-b8dad238024d5446c9a11318c624b4be\">\n.flex_column.av-9oxze-b8dad238024d5446c9a11318c624b4be{\nborder-radius:0px 0px 0px 0px;\npadding:0px 0px 0px 0px;\n}\n<\/style>\n<div  class='flex_column av-9oxze-b8dad238024d5446c9a11318c624b4be av_one_fifth  avia-builder-el-17  el_after_av_three_fifth  avia-builder-el-last  flex_column_div av-zero-column-padding  '     ><\/div>\n<\/div><\/div><\/div><!-- close content main div --><\/div><\/div><\/div><div id='after_section_2'  class='main_color av_default_container_wrap container_wrap sidebar_right'  ><div class='container av-section-cont-open' ><div class='template-page content  av-content-small alpha units'><div class='post-entry post-entry-type-page post-entry-947'><div class='entry-content-wrapper clearfix'>\n","protected":false},"excerpt":{"rendered":"","protected":false},"author":1,"featured_media":0,"parent":0,"menu_order":0,"comment_status":"closed","ping_status":"closed","template":"","meta":{"footnotes":""},"class_list":["post-947","page","type-page","status-publish","hentry"],"_links":{"self":[{"href":"https:\/\/blackfort-wiereu.mylink365.de\/en\/wp-json\/wp\/v2\/pages\/947","targetHints":{"allow":["GET"]}}],"collection":[{"href":"https:\/\/blackfort-wiereu.mylink365.de\/en\/wp-json\/wp\/v2\/pages"}],"about":[{"href":"https:\/\/blackfort-wiereu.mylink365.de\/en\/wp-json\/wp\/v2\/types\/page"}],"author":[{"embeddable":true,"href":"https:\/\/blackfort-wiereu.mylink365.de\/en\/wp-json\/wp\/v2\/users\/1"}],"replies":[{"embeddable":true,"href":"https:\/\/blackfort-wiereu.mylink365.de\/en\/wp-json\/wp\/v2\/comments?post=947"}],"version-history":[{"count":8,"href":"https:\/\/blackfort-wiereu.mylink365.de\/en\/wp-json\/wp\/v2\/pages\/947\/revisions"}],"predecessor-version":[{"id":987,"href":"https:\/\/blackfort-wiereu.mylink365.de\/en\/wp-json\/wp\/v2\/pages\/947\/revisions\/987"}],"wp:attachment":[{"href":"https:\/\/blackfort-wiereu.mylink365.de\/en\/wp-json\/wp\/v2\/media?parent=947"}],"curies":[{"name":"wp","href":"https:\/\/api.w.org\/{rel}","templated":true}]}}